{"id":34,"date":"2020-02-23T19:14:29","date_gmt":"2020-02-23T18:14:29","guid":{"rendered":"http:\/\/yanica.fr\/?page_id=34"},"modified":"2023-10-28T17:53:13","modified_gmt":"2023-10-28T15:53:13","slug":"une-section-de-page-daccueil","status":"publish","type":"page","link":"https:\/\/yanica.fr\/?page_id=34","title":{"rendered":"L&rsquo;association \/ Contact"},"content":{"rendered":"\n<p>Cette association a \u00e9t\u00e9 cr\u00e9e le 15 octobre 2016 et la propri\u00e9t\u00e9 du bateau lui a \u00e9t\u00e9 transmise. D\u00e9sormais le bateau a retrouv\u00e9 son nom Yanica et est enregistr\u00e9 \u00e0 Lorient.<\/p>\n\n\n\n<p>Yanica est class\u00e9 BIP et&nbsp;depuis 2018, il est surtout class\u00e9 \u00ab\u00a0Monument Historique\u00a0\u00bb.<\/p>\n\n\n\n<p>Outre la conviction de l\u2019association sur l\u2019int\u00e9r\u00eat historique de Yanica, ce classement a facilit\u00e9 grandement le financement de la restauration.<\/p>\n\n\n\n<p>L\u2019adresse postale&nbsp; : 5 route de Bourgerel 56610 Arradon<\/p>\n\n\n\n<p>l\u2019adresse mail :&nbsp;<strong>yanica@orange.fr<\/strong><\/p>\n\n\n\n<p>Vous voulez nous rejoindre, il y a aussi un num\u00e9ro de t\u00e9l\u00e9phone 06 08 23 83 33 et nous en parlons. Bienvenue !!<\/p>\n\n\n\n<figure class=\"wp-block-gallery has-nested-images columns-3 is-cropped wp-block-gallery-1 is-layout-flex wp-block-gallery-is-layout-flex\">\n<figure class=\"wp-block-image\"><img decoding=\"async\" loading=\"lazy\" width=\"797\" height=\"1024\" data-id=\"191\" src=\"https:\/\/yanica.fr\/wp-content\/uploads\/2020\/03\/logo_ministere_culture-797x1024.jpg\" alt=\"\" class=\"wp-image-191\" srcset=\"https:\/\/yanica.fr\/wp-content\/uploads\/2020\/03\/logo_ministere_culture-797x1024.jpg 797w, https:\/\/yanica.fr\/wp-content\/uploads\/2020\/03\/logo_ministere_culture-233x300.jpg 233w, https:\/\/yanica.fr\/wp-content\/uploads\/2020\/03\/logo_ministere_culture-768x987.jpg 768w, https:\/\/yanica.fr\/wp-content\/uploads\/2020\/03\/logo_ministere_culture.jpg 827w\" sizes=\"(max-width: 767px) 89vw, (max-width: 1000px) 54vw, (max-width: 1071px) 543px, 580px\" \/><figcaption class=\"wp-element-caption\">https:\/\/www.culture.gouv.fr\/Regions\/Drac-Bretagne<\/figcaption><\/figure>\n\n\n\n<figure class=\"wp-block-image\"><img decoding=\"async\" loading=\"lazy\" width=\"1024\" height=\"724\" data-id=\"193\" src=\"https:\/\/yanica.fr\/wp-content\/uploads\/2020\/03\/logo_morbihan-1024x724.jpg\" alt=\"\" class=\"wp-image-193\" srcset=\"https:\/\/yanica.fr\/wp-content\/uploads\/2020\/03\/logo_morbihan-1024x724.jpg 1024w, https:\/\/yanica.fr\/wp-content\/uploads\/2020\/03\/logo_morbihan-300x212.jpg 300w, https:\/\/yanica.fr\/wp-content\/uploads\/2020\/03\/logo_morbihan-768x543.jpg 768w, https:\/\/yanica.fr\/wp-content\/uploads\/2020\/03\/logo_morbihan.jpg 1243w\" sizes=\"(max-width: 767px) 89vw, (max-width: 1000px) 54vw, (max-width: 1071px) 543px, 580px\" \/><figcaption class=\"wp-element-caption\">https:\/\/www.morbihan.fr\/<\/figcaption><\/figure>\n\n\n\n<figure class=\"wp-block-image\"><img decoding=\"async\" loading=\"lazy\" width=\"991\" height=\"989\" data-id=\"192\" src=\"https:\/\/yanica.fr\/wp-content\/uploads\/2020\/03\/logo_fondation_du_patrimoine.jpg\" alt=\"\" class=\"wp-image-192\" srcset=\"https:\/\/yanica.fr\/wp-content\/uploads\/2020\/03\/logo_fondation_du_patrimoine.jpg 991w, https:\/\/yanica.fr\/wp-content\/uploads\/2020\/03\/logo_fondation_du_patrimoine-300x300.jpg 300w, https:\/\/yanica.fr\/wp-content\/uploads\/2020\/03\/logo_fondation_du_patrimoine-150x150.jpg 150w, https:\/\/yanica.fr\/wp-content\/uploads\/2020\/03\/logo_fondation_du_patrimoine-768x766.jpg 768w, https:\/\/yanica.fr\/wp-content\/uploads\/2020\/03\/logo_fondation_du_patrimoine-100x100.jpg 100w\" sizes=\"(max-width: 767px) 89vw, (max-width: 1000px) 54vw, (max-width: 1071px) 543px, 580px\" \/><figcaption class=\"wp-element-caption\">https:\/\/www.fondation-patrimoine.org\/les-projets\/bateau-de-course-croisiere-yanica-j-illingworth<\/figcaption><\/figure>\n<figcaption class=\"blocks-gallery-caption wp-element-caption\"> <a href=\"https:\/\/www.culture.gouv.fr\/Regions\/Drac-Bretagne\">https:\/\/www.culture.gouv.fr\/Regions\/Drac-Bretagne<\/a>  <br><br><a href=\"https:\/\/www.morbihan.fr\/\"> <span style=\"text-decoration: underline;\">https:\/\/www.morbihan.fr\/ <\/span><\/a><br><br> <a href=\"https:\/\/www.fondation-patrimoine.org\/les-projets\/bateau-de-course-croisiere-yanica-j-illingworth\">https:\/\/www.fondation-patrimoine.org\/les-projets\/bateau-de-course-croisiere-yanica-j-illingworth<\/a><br> <\/figcaption><\/figure>\n","protected":false},"excerpt":{"rendered":"<p>Cette association a \u00e9t\u00e9 cr\u00e9e le 15 octobre 2016 et la propri\u00e9t\u00e9 du bateau lui a \u00e9t\u00e9 transmise. D\u00e9sormais le bateau a retrouv\u00e9 son nom Yanica et est enregistr\u00e9 \u00e0 Lorient. Yanica est class\u00e9 BIP et&nbsp;depuis 2018, il est surtout class\u00e9 \u00ab\u00a0Monument Historique\u00a0\u00bb. Outre la conviction de l\u2019association sur l\u2019int\u00e9r\u00eat historique de Yanica, ce classement &hellip; <\/p>\n<p class=\"link-more\"><a href=\"https:\/\/yanica.fr\/?page_id=34\" class=\"more-link\">Continuer la lecture<span class=\"screen-reader-text\"> de &laquo;&nbsp;L&rsquo;association \/ Contact&nbsp;&raquo;<\/span><\/a><\/p>\n","protected":false},"author":1,"featured_media":0,"parent":0,"menu_order":0,"comment_status":"closed","ping_status":"closed","template":"","meta":{"jetpack_post_was_ever_published":false,"footnotes":""},"jetpack_sharing_enabled":true,"_links":{"self":[{"href":"https:\/\/yanica.fr\/index.php?rest_route=\/wp\/v2\/pages\/34"}],"collection":[{"href":"https:\/\/yanica.fr\/index.php?rest_route=\/wp\/v2\/pages"}],"about":[{"href":"https:\/\/yanica.fr\/index.php?rest_route=\/wp\/v2\/types\/page"}],"author":[{"embeddable":true,"href":"https:\/\/yanica.fr\/index.php?rest_route=\/wp\/v2\/users\/1"}],"replies":[{"embeddable":true,"href":"https:\/\/yanica.fr\/index.php?rest_route=%2Fwp%2Fv2%2Fcomments&post=34"}],"version-history":[{"count":6,"href":"https:\/\/yanica.fr\/index.php?rest_route=\/wp\/v2\/pages\/34\/revisions"}],"predecessor-version":[{"id":977,"href":"https:\/\/yanica.fr\/index.php?rest_route=\/wp\/v2\/pages\/34\/revisions\/977"}],"wp:attachment":[{"href":"https:\/\/yanica.fr\/index.php?rest_route=%2Fwp%2Fv2%2Fmedia&parent=34"}],"curies":[{"name":"wp","href":"https:\/\/api.w.org\/{rel}","templated":true}]}}