{"id":32,"date":"2020-02-23T19:14:29","date_gmt":"2020-02-23T18:14:29","guid":{"rendered":"http:\/\/yanica.fr\/?page_id=32"},"modified":"2020-04-25T12:18:25","modified_gmt":"2020-04-25T10:18:25","slug":"contact","status":"publish","type":"page","link":"https:\/\/yanica.fr\/?page_id=32","title":{"rendered":"Contact"},"content":{"rendered":"\n<p><strong>Association \u00ab\u00a0Les Amis de Yanica\u00a0\u00bb<\/strong><\/p>\n\n\n\n<p>L\u2019adresse &nbsp; : 5 route de Bourgerel 56610 Arradon<\/p>\n\n\n\n<p>@ Mail :&nbsp; <strong><a rel=\"noreferrer noopener\" href=\"mailto:yanica@orange.fr\" target=\"_blank\">yanica@orange.fr<\/a> <\/strong><\/p>\n\n\n\n<p>Vous voulez nous rejoindre, il y a aussi un num\u00e9ro de t\u00e9l\u00e9phone 06 08 23 83 33 et nous en parlons. <\/p>\n\n\n\n<figure class=\"wp-block-gallery columns-3 is-cropped wp-block-gallery-1 is-layout-flex wp-block-gallery-is-layout-flex\"><ul class=\"blocks-gallery-grid\"><li class=\"blocks-gallery-item\"><figure><img decoding=\"async\" loading=\"lazy\" width=\"797\" height=\"1024\" src=\"http:\/\/yanica.fr\/wp-content\/uploads\/2020\/03\/logo_ministere_culture-797x1024.jpg\" alt=\"\" data-id=\"191\" data-full-url=\"http:\/\/yanica.fr\/wp-content\/uploads\/2020\/03\/logo_ministere_culture.jpg\" data-link=\"http:\/\/yanica.fr\/?attachment_id=191\" class=\"wp-image-191\" srcset=\"https:\/\/yanica.fr\/wp-content\/uploads\/2020\/03\/logo_ministere_culture-797x1024.jpg 797w, https:\/\/yanica.fr\/wp-content\/uploads\/2020\/03\/logo_ministere_culture-233x300.jpg 233w, https:\/\/yanica.fr\/wp-content\/uploads\/2020\/03\/logo_ministere_culture-768x987.jpg 768w, https:\/\/yanica.fr\/wp-content\/uploads\/2020\/03\/logo_ministere_culture.jpg 827w\" sizes=\"(max-width: 767px) 89vw, (max-width: 1000px) 54vw, (max-width: 1071px) 543px, 580px\" \/><\/figure><\/li><li class=\"blocks-gallery-item\"><figure><img decoding=\"async\" loading=\"lazy\" width=\"1024\" height=\"724\" src=\"http:\/\/yanica.fr\/wp-content\/uploads\/2020\/03\/logo_morbihan-1024x724.jpg\" alt=\"\" data-id=\"193\" data-full-url=\"http:\/\/yanica.fr\/wp-content\/uploads\/2020\/03\/logo_morbihan.jpg\" data-link=\"http:\/\/yanica.fr\/?attachment_id=193\" class=\"wp-image-193\" srcset=\"https:\/\/yanica.fr\/wp-content\/uploads\/2020\/03\/logo_morbihan-1024x724.jpg 1024w, https:\/\/yanica.fr\/wp-content\/uploads\/2020\/03\/logo_morbihan-300x212.jpg 300w, https:\/\/yanica.fr\/wp-content\/uploads\/2020\/03\/logo_morbihan-768x543.jpg 768w, https:\/\/yanica.fr\/wp-content\/uploads\/2020\/03\/logo_morbihan.jpg 1243w\" sizes=\"(max-width: 767px) 89vw, (max-width: 1000px) 54vw, (max-width: 1071px) 543px, 580px\" \/><\/figure><\/li><li class=\"blocks-gallery-item\"><figure><img decoding=\"async\" loading=\"lazy\" width=\"991\" height=\"989\" src=\"http:\/\/yanica.fr\/wp-content\/uploads\/2020\/03\/logo_fondation_du_patrimoine.jpg\" alt=\"\" data-id=\"192\" data-full-url=\"http:\/\/yanica.fr\/wp-content\/uploads\/2020\/03\/logo_fondation_du_patrimoine.jpg\" data-link=\"http:\/\/yanica.fr\/?attachment_id=192\" class=\"wp-image-192\" srcset=\"https:\/\/yanica.fr\/wp-content\/uploads\/2020\/03\/logo_fondation_du_patrimoine.jpg 991w, https:\/\/yanica.fr\/wp-content\/uploads\/2020\/03\/logo_fondation_du_patrimoine-300x300.jpg 300w, https:\/\/yanica.fr\/wp-content\/uploads\/2020\/03\/logo_fondation_du_patrimoine-150x150.jpg 150w, https:\/\/yanica.fr\/wp-content\/uploads\/2020\/03\/logo_fondation_du_patrimoine-768x766.jpg 768w, https:\/\/yanica.fr\/wp-content\/uploads\/2020\/03\/logo_fondation_du_patrimoine-100x100.jpg 100w\" sizes=\"(max-width: 767px) 89vw, (max-width: 1000px) 54vw, (max-width: 1071px) 543px, 580px\" \/><\/figure><\/li><\/ul><figcaption class=\"blocks-gallery-caption\"> <a href=\"https:\/\/www.culture.gouv.fr\/Regions\/Drac-Bretagne\">https:\/\/www.culture.gouv.fr\/Regions\/Drac-Bretagne<\/a>  <br><br><a href=\"https:\/\/www.morbihan.fr\/\"> <span style=\"text-decoration: underline;\">https:\/\/www.morbihan.fr\/ <\/span><\/a><br><br> <a href=\"https:\/\/www.fondation-patrimoine.org\/les-projets\/bateau-de-course-croisiere-yanica-j-illingworth\">https:\/\/www.fondation-patrimoine.org\/les-projets\/bateau-de-course-croisiere-yanica-j-illingworth<\/a><br> <\/figcaption><\/figure>\n\n\n\n<p><\/p>\n","protected":false},"excerpt":{"rendered":"<p>Association \u00ab\u00a0Les Amis de Yanica\u00a0\u00bb L\u2019adresse &nbsp; : 5 route de Bourgerel 56610 Arradon @ Mail :&nbsp; yanica@orange.fr Vous voulez nous rejoindre, il y a aussi un num\u00e9ro de t\u00e9l\u00e9phone 06 08 23 83 33 et nous en parlons.<\/p>\n","protected":false},"author":1,"featured_media":56,"parent":0,"menu_order":0,"comment_status":"closed","ping_status":"closed","template":"","meta":{"jetpack_post_was_ever_published":false,"footnotes":""},"jetpack_sharing_enabled":true,"_links":{"self":[{"href":"https:\/\/yanica.fr\/index.php?rest_route=\/wp\/v2\/pages\/32"}],"collection":[{"href":"https:\/\/yanica.fr\/index.php?rest_route=\/wp\/v2\/pages"}],"about":[{"href":"https:\/\/yanica.fr\/index.php?rest_route=\/wp\/v2\/types\/page"}],"author":[{"embeddable":true,"href":"https:\/\/yanica.fr\/index.php?rest_route=\/wp\/v2\/users\/1"}],"replies":[{"embeddable":true,"href":"https:\/\/yanica.fr\/index.php?rest_route=%2Fwp%2Fv2%2Fcomments&post=32"}],"version-history":[{"count":7,"href":"https:\/\/yanica.fr\/index.php?rest_route=\/wp\/v2\/pages\/32\/revisions"}],"predecessor-version":[{"id":240,"href":"https:\/\/yanica.fr\/index.php?rest_route=\/wp\/v2\/pages\/32\/revisions\/240"}],"wp:featuredmedia":[{"embeddable":true,"href":"https:\/\/yanica.fr\/index.php?rest_route=\/wp\/v2\/media\/56"}],"wp:attachment":[{"href":"https:\/\/yanica.fr\/index.php?rest_route=%2Fwp%2Fv2%2Fmedia&parent=32"}],"curies":[{"name":"wp","href":"https:\/\/api.w.org\/{rel}","templated":true}]}}