{"id":30,"date":"2020-02-23T19:14:29","date_gmt":"2020-02-23T18:14:29","guid":{"rendered":"http:\/\/yanica.fr\/?page_id=30"},"modified":"2026-04-05T18:14:51","modified_gmt":"2026-04-05T16:14:51","slug":"accueil","status":"publish","type":"page","link":"https:\/\/yanica.fr\/","title":{"rendered":"===>  Yanica est en vente !"},"content":{"rendered":"\n<h2 class=\"wp-block-heading\">La restauration importante de Yanica a un peu \u00e9puis\u00e9 les membres principaux de l\u2019association \ud83d\ude42  Ils ont pas mal vieilli depuis le d\u00e9but de l\u2019aventure mais ne regrettent rien. C\u2019est apr\u00e8s de longues discussions que Yanica est cependant mis en vente pour que d\u2019autres mains soigneuses s\u2019en occupent et surtout naviguent avec le m\u00eame bonheur que nous.<br>Evidemment , le prix ne peut pas \u00eatre compar\u00e9 \u00e0 ce qu\u2019\u00e0 cout\u00e9 Yanica et la consultation de quelques experts ext\u00e9rieurs \u00e0 l\u2019association nous a men\u00e9 \u00e0 afficher un prix de 148.000 \u20ac. C\u2019est tr\u00e8s raisonnable pour ce bateau qui est aujourd\u2019hui pratiquement neuf. Une n\u00e9gociation sur le prix sera beaucoup influenc\u00e9e par les qualit\u00e9s de(s) l\u2019\u00e9ventuel acqu\u00e9reur\u00a0!<br><strong>Les informations et rendez vous se font <\/strong><br><strong>sur le 06 08 23 83 33   ou <\/strong><br><strong>sur le mail yanica@orange.fr<\/strong><\/h2>\n\n\n\n<p><strong>L&rsquo;ensemble de l&rsquo;historique de la restauration est disponible sur le <a href=\"https:\/\/yanica.fr\/?page_id=33\">blog de ce site<\/a><\/strong><\/p>\n\n\n\n<p><strong>COQUE<\/strong><br>Coque Reconstruite \u00e0 80 %<br>Membrures et varangues lamell\u00e9 epoxy<br>Etambot lamell\u00e9 epoxy<br>Bord\u00e9 strip planking int\u00e9rieur et bois moul\u00e9 coll\u00e9 sous vide ext\u00e9rieure<br>Barrotage neuf<br>Pont contreplaqu\u00e9 deux \u00e9paisseurs neuf<br>Root , capots, cockpit neufs<br><strong>MOTORISATION<\/strong><br>Moteur Nanni 42 cv environ 3 \u00e0 400 heures&nbsp;; D\u00e9pos\u00e9 et v\u00e9rifi\u00e9<br>Ligne d\u2019arbre neuve et h\u00e9lice 3 pales repliable neuve R\u00e9servoir GO 40 l neuf<br><strong>GREEMENT<\/strong><br>Mat Selden, b\u00f4me,tangons,haubanages neufs<br>Drisses et toutes man\u0153uvres et accastillage (8 winches) neufs<br><strong>VOILES <\/strong><br>servies 1 an Voilerie Quantum<br>3 yankee, 3 trinquettes, 1 g\u00e9nois quadrilat\u00e9ral<br>1 grand&rsquo;voile<br>Trois spinnakers dont un storm, trinquette spi<br><strong>AMENAGEMENTS<\/strong><br>Int\u00e9rieur tr\u00e8s clair avec belle<br>laque blanche et vernis parfaits.<br>am\u00e9nagements d&rsquo;\u00e9poque remont\u00e9s \u00e0 neuf<br>Pointe avant 2 banettes cadres.<br>Carr\u00e9 avec 4 banettes<br>Cabine arri\u00e8re 2 couchettes<br>Cuisine four &#8211; Gaz 2 feux neuf<br>Cabine arri\u00e8re avec 2 banettes<br>Sellerie neuve<br>Eau douce pompe \u00e0 main et pompe eau de mer<br><strong>ELECTRONIQUE NEUVE<\/strong><br>GPS traceur Raymarine &#8211; VHF &#8211; AIS Transpondeur<br>Lock &#8211; speedo deux t\u00eates\u2013 sondeur<br>An\u00e9mom\u00e9tre &#8211; Girouette<br>Pilote barre franche Raymarine st4000<br>Balise Epirb<br><strong>SECURITE MOUILLAGE<\/strong><br>2 radeaux survie 4 places<br>Tout le mat\u00e9riel de s\u00e9curit\u00e9<br>Taud de protection cockpit et roof<br>Annexe neuve avec avirons<\/p>\n\n\n\n<p>\u00ab&nbsp;Yanica&nbsp;\u00bb a \u00e9t\u00e9 remis \u00e0 l&rsquo;eau et navigue depuis juillet 2023 en Bretagne Sud.  <\/p>\n\n\n\n<p>\u00ab&nbsp;Yanica&nbsp;\u00bb ( nomm\u00e9 ensuite Boomerang puis Dune) \u00e9tait en 2005 l\u2019objet d\u2019un projet de restauration des \u0153uvres mortes au chantier Pichavant, projet port\u00e9 par son nouveau propri\u00e9taire Beno\u00eet Feracci. Malheureusement, ce projet n&rsquo;a pas abouti et \u00ab&nbsp;Yanica&nbsp;\u00bb s\u2019est donc trouv\u00e9 stock\u00e9 pendant 10 ans dans un hangar de B\u00e9nodet. La premi\u00e8re visite d&rsquo;un charpentier expert avait conclu que l<strong>\u2019essentiel de la coque et ses structures \u00e9taient saines ainsi que les<\/strong>&nbsp;<strong>am\u00e9nagements<\/strong>. Le mat et le gr\u00e9ement dormant existaient et ont servi de mod\u00e8le pour un nouveau mat en aluminium anodis\u00e9 \u00ab&nbsp;or&nbsp;\u00bb comme \u00e0 l\u2019origine. L\u2019accastillage conforme \u00e0 l\u2019origine a \u00e9t\u00e9 restitu\u00e9 en grande partie.<\/p>\n\n\n\n<p>L\u2019association disposait d\u2019un jeu de 24 plans d\u2019origine qui ont contribu\u00e9 \u00e0 la restauration de Yanica.<\/p>\n\n\n\n<p>Le programme a donc consist\u00e9 \u00e0 restaurer la coque, refaire le pont et roof, y compris le petit roof de descente en lamell\u00e9 coll\u00e9, restituer le cockpit, changer les boulons de quille, regr\u00e9er et faire r\u00e9aliser des voiles conformes au plan de voilure d\u2019origine.<\/p>\n","protected":false},"excerpt":{"rendered":"<p>La restauration importante de Yanica a un peu \u00e9puis\u00e9 les membres principaux de l\u2019association \ud83d\ude42 Ils ont pas mal vieilli depuis le d\u00e9but de l\u2019aventure mais ne regrettent rien. C\u2019est apr\u00e8s de longues discussions que Yanica est cependant mis en vente pour que d\u2019autres mains soigneuses s\u2019en occupent et surtout naviguent avec le m\u00eame bonheur &hellip; <\/p>\n<p class=\"link-more\"><a href=\"https:\/\/yanica.fr\/\" class=\"more-link\">Continuer la lecture<span class=\"screen-reader-text\"> de &laquo;&nbsp;===>  Yanica est en vente !&nbsp;&raquo;<\/span><\/a><\/p>\n","protected":false},"author":1,"featured_media":0,"parent":0,"menu_order":0,"comment_status":"open","ping_status":"closed","template":"","meta":{"jetpack_post_was_ever_published":false,"footnotes":""},"jetpack_sharing_enabled":true,"_links":{"self":[{"href":"https:\/\/yanica.fr\/index.php?rest_route=\/wp\/v2\/pages\/30"}],"collection":[{"href":"https:\/\/yanica.fr\/index.php?rest_route=\/wp\/v2\/pages"}],"about":[{"href":"https:\/\/yanica.fr\/index.php?rest_route=\/wp\/v2\/types\/page"}],"author":[{"embeddable":true,"href":"https:\/\/yanica.fr\/index.php?rest_route=\/wp\/v2\/users\/1"}],"replies":[{"embeddable":true,"href":"https:\/\/yanica.fr\/index.php?rest_route=%2Fwp%2Fv2%2Fcomments&post=30"}],"version-history":[{"count":15,"href":"https:\/\/yanica.fr\/index.php?rest_route=\/wp\/v2\/pages\/30\/revisions"}],"predecessor-version":[{"id":1057,"href":"https:\/\/yanica.fr\/index.php?rest_route=\/wp\/v2\/pages\/30\/revisions\/1057"}],"wp:attachment":[{"href":"https:\/\/yanica.fr\/index.php?rest_route=%2Fwp%2Fv2%2Fmedia&parent=30"}],"curies":[{"name":"wp","href":"https:\/\/api.w.org\/{rel}","templated":true}]}}