{"id":276,"date":"2020-05-18T21:50:08","date_gmt":"2020-05-18T19:50:08","guid":{"rendered":"http:\/\/yanica.fr\/?page_id=276"},"modified":"2020-05-20T19:29:29","modified_gmt":"2020-05-20T17:29:29","slug":"faire-un-don","status":"publish","type":"page","link":"https:\/\/yanica.fr\/?page_id=276","title":{"rendered":"Payer ma cotisation \/ Faire un don"},"content":{"rendered":"\n<p>L\u2019association a re\u00e7u l\u2019accord des services fiscaux pour recevoir directement vos dons ( uniquement IRPP et IS) et d\u00e9livrer elle-m\u00eame les re\u00e7us fiscaux correspondants.<\/p>\n\n\n\n<p>Vous pouvez \u00e9galement, avec le formulaire ci-dessous, faire votre versement par carte de cr\u00e9dit. <\/p>\n\n\n\n<p>Le paiement est s\u00e9curis\u00e9 et correspond au service de HelloAsso.<\/p>\n\n\n\n<p class=\"has-text-align-center\"> <img decoding=\"async\" loading=\"lazy\" width=\"205\" height=\"57\" class=\"wp-image-289\" style=\"width: 150px;\" src=\"http:\/\/yanica.fr\/wp-content\/uploads\/2020\/05\/HelloAsso.png\" alt=\"\"><\/p>\n\n\n\n<p class=\"has-text-align-center\"> <a rel=\"noreferrer noopener\" aria-label=\" (s\u2019ouvre dans un nouvel onglet)\" href=\"https:\/\/www.helloasso.com\/associations\/les-amis-de-yanica\/paiements\/yanica\" target=\"_blank\">https:\/\/www.helloasso.com\/associations\/les-amis-de-yanica\/paiements\/yanica<\/a> <\/p>\n\n\n\t\t\t<iframe src=\"https:\/\/www.helloasso.com\/associations\/les-amis-de-yanica\/paiements\/yanica\/widget\"  id=\"idIframe\" style=\"width:100%; height:750px; border:none;\" border=\"0\"><\/iframe>\n\t\t\t\n","protected":false},"excerpt":{"rendered":"<p>L\u2019association a re\u00e7u l\u2019accord des services fiscaux pour recevoir directement vos dons ( uniquement IRPP et IS) et d\u00e9livrer elle-m\u00eame les re\u00e7us fiscaux correspondants. Vous pouvez \u00e9galement, avec le formulaire ci-dessous, faire votre versement par carte de cr\u00e9dit. Le paiement est s\u00e9curis\u00e9 et correspond au service de HelloAsso. https:\/\/www.helloasso.com\/associations\/les-amis-de-yanica\/paiements\/yanica<\/p>\n","protected":false},"author":1,"featured_media":0,"parent":190,"menu_order":0,"comment_status":"closed","ping_status":"closed","template":"","meta":{"jetpack_post_was_ever_published":false,"footnotes":""},"jetpack_sharing_enabled":true,"_links":{"self":[{"href":"https:\/\/yanica.fr\/index.php?rest_route=\/wp\/v2\/pages\/276"}],"collection":[{"href":"https:\/\/yanica.fr\/index.php?rest_route=\/wp\/v2\/pages"}],"about":[{"href":"https:\/\/yanica.fr\/index.php?rest_route=\/wp\/v2\/types\/page"}],"author":[{"embeddable":true,"href":"https:\/\/yanica.fr\/index.php?rest_route=\/wp\/v2\/users\/1"}],"replies":[{"embeddable":true,"href":"https:\/\/yanica.fr\/index.php?rest_route=%2Fwp%2Fv2%2Fcomments&post=276"}],"version-history":[{"count":9,"href":"https:\/\/yanica.fr\/index.php?rest_route=\/wp\/v2\/pages\/276\/revisions"}],"predecessor-version":[{"id":290,"href":"https:\/\/yanica.fr\/index.php?rest_route=\/wp\/v2\/pages\/276\/revisions\/290"}],"up":[{"embeddable":true,"href":"https:\/\/yanica.fr\/index.php?rest_route=\/wp\/v2\/pages\/190"}],"wp:attachment":[{"href":"https:\/\/yanica.fr\/index.php?rest_route=%2Fwp%2Fv2%2Fmedia&parent=276"}],"curies":[{"name":"wp","href":"https:\/\/api.w.org\/{rel}","templated":true}]}}