{"id":190,"date":"2020-03-30T20:51:01","date_gmt":"2020-03-30T18:51:01","guid":{"rendered":"http:\/\/yanica.fr\/?page_id=190"},"modified":"2021-12-05T19:18:30","modified_gmt":"2021-12-05T18:18:30","slug":"les-partenaires-financiers-de-la-restauration-de-yanica","status":"publish","type":"page","link":"https:\/\/yanica.fr\/?page_id=190","title":{"rendered":"LES PARTENAIRES PUBLICS"},"content":{"rendered":"\n<p><\/p>\n\n\n\n<ul><li><strong>Le Minist\u00e8re de la Culture au titre des Monuments Historiques<\/strong>. Notre interlocuteur est la Direction R\u00e9gionale Des Affaires Culturelles de Bretagne.<br><\/li><\/ul>\n\n\n\n<div class=\"wp-block-media-text alignwide is-stacked-on-mobile\" style=\"grid-template-columns:19% auto\"><figure class=\"wp-block-media-text__media\"><img decoding=\"async\" loading=\"lazy\" width=\"797\" height=\"1024\" src=\"http:\/\/yanica.fr\/wp-content\/uploads\/2020\/03\/logo_ministere_culture-797x1024.jpg\" alt=\"\" class=\"wp-image-191 size-full\" srcset=\"https:\/\/yanica.fr\/wp-content\/uploads\/2020\/03\/logo_ministere_culture-797x1024.jpg 797w, https:\/\/yanica.fr\/wp-content\/uploads\/2020\/03\/logo_ministere_culture-233x300.jpg 233w, https:\/\/yanica.fr\/wp-content\/uploads\/2020\/03\/logo_ministere_culture-768x987.jpg 768w, https:\/\/yanica.fr\/wp-content\/uploads\/2020\/03\/logo_ministere_culture.jpg 827w\" sizes=\"(max-width: 767px) 89vw, (max-width: 1000px) 54vw, (max-width: 1071px) 543px, 580px\" \/><\/figure><div class=\"wp-block-media-text__content\">\n<p><a href=\"https:\/\/www.culture.gouv.fr\/Regions\/Drac-Bretagne\">https:\/\/www.culture.gouv.fr\/Regions\/Drac-Bretagne<\/a><\/p>\n<\/div><\/div>\n\n\n\n<hr class=\"wp-block-separator is-style-wide\"\/>\n\n\n\n<ul><li> <strong>La Fondation du Patrimoine <\/strong>o\u00f9 nous avons ouvert une souscription publique accessible \u00e0 l\u2019adresse suivante&nbsp;:  <\/li><\/ul>\n\n\n\n<div class=\"wp-block-media-text alignwide is-stacked-on-mobile\" style=\"grid-template-columns:27% auto\"><figure class=\"wp-block-media-text__media\"><img decoding=\"async\" loading=\"lazy\" width=\"991\" height=\"989\" src=\"http:\/\/yanica.fr\/wp-content\/uploads\/2020\/03\/logo_fondation_du_patrimoine.jpg\" alt=\"\" class=\"wp-image-192 size-full\" srcset=\"https:\/\/yanica.fr\/wp-content\/uploads\/2020\/03\/logo_fondation_du_patrimoine.jpg 991w, https:\/\/yanica.fr\/wp-content\/uploads\/2020\/03\/logo_fondation_du_patrimoine-300x300.jpg 300w, https:\/\/yanica.fr\/wp-content\/uploads\/2020\/03\/logo_fondation_du_patrimoine-150x150.jpg 150w, https:\/\/yanica.fr\/wp-content\/uploads\/2020\/03\/logo_fondation_du_patrimoine-768x766.jpg 768w, https:\/\/yanica.fr\/wp-content\/uploads\/2020\/03\/logo_fondation_du_patrimoine-100x100.jpg 100w\" sizes=\"(max-width: 767px) 89vw, (max-width: 1000px) 54vw, (max-width: 1071px) 543px, 580px\" \/><\/figure><div class=\"wp-block-media-text__content\">\n<p><a href=\"https:\/\/www.fondation-patrimoine.org\/les-projets\/bateau-de-course-croisiere-yanica-j-illingworth\">https:\/\/www.fondation-patrimoine.org\/les-projets\/bateau-de-course-croisiere-yanica-j-illingworth<\/a><\/p>\n<\/div><\/div>\n\n\n\n<p>Vos dons y feront l\u2019objet d\u2019un re\u00e7u fiscal dont le montant d\u00e9pend de votre imp\u00f4t ( IRPP, IS ou IFI)<\/p>\n\n\n\n<ul><li>L\u2019association a \u00e9galement re\u00e7u l\u2019accord des services fiscaux pour recevoir directement vos dons ( uniquement IRPP et IS) et d\u00e9livrer elle-m\u00eame les re\u00e7us fiscaux correspondants.<\/li><\/ul>\n\n\n\n<hr class=\"wp-block-separator is-style-wide\"\/>\n\n\n\n<ul><li><strong>Le Conseil D\u00e9partemental du Morbihan<\/strong> a particip\u00e9 au financement de la premi\u00e8re tranche \u00e0 hauteur de 10 %.<\/li><\/ul>\n\n\n\n<div class=\"wp-block-media-text alignwide is-stacked-on-mobile\" style=\"grid-template-columns:29% auto\"><figure class=\"wp-block-media-text__media\"><img decoding=\"async\" loading=\"lazy\" width=\"1024\" height=\"724\" src=\"http:\/\/yanica.fr\/wp-content\/uploads\/2020\/03\/logo_morbihan-1024x724.jpg\" alt=\"\" class=\"wp-image-193 size-full\" srcset=\"https:\/\/yanica.fr\/wp-content\/uploads\/2020\/03\/logo_morbihan-1024x724.jpg 1024w, https:\/\/yanica.fr\/wp-content\/uploads\/2020\/03\/logo_morbihan-300x212.jpg 300w, https:\/\/yanica.fr\/wp-content\/uploads\/2020\/03\/logo_morbihan-768x543.jpg 768w, https:\/\/yanica.fr\/wp-content\/uploads\/2020\/03\/logo_morbihan.jpg 1243w\" sizes=\"(max-width: 767px) 89vw, (max-width: 1000px) 54vw, (max-width: 1071px) 543px, 580px\" \/><\/figure><div class=\"wp-block-media-text__content\">\n<p><a href=\"https:\/\/www.morbihan.fr\">https:\/\/www.morbihan.fr<\/a><\/p>\n<\/div><\/div>\n\n\n\n<p><\/p>\n","protected":false},"excerpt":{"rendered":"<p>Le Minist\u00e8re de la Culture au titre des Monuments Historiques. Notre interlocuteur est la Direction R\u00e9gionale Des Affaires Culturelles de Bretagne. https:\/\/www.culture.gouv.fr\/Regions\/Drac-Bretagne La Fondation du Patrimoine o\u00f9 nous avons ouvert une souscription publique accessible \u00e0 l\u2019adresse suivante&nbsp;: https:\/\/www.fondation-patrimoine.org\/les-projets\/bateau-de-course-croisiere-yanica-j-illingworth Vos dons y feront l\u2019objet d\u2019un re\u00e7u fiscal dont le montant d\u00e9pend de votre imp\u00f4t ( IRPP, &hellip; <\/p>\n<p class=\"link-more\"><a href=\"https:\/\/yanica.fr\/?page_id=190\" class=\"more-link\">Continuer la lecture<span class=\"screen-reader-text\"> de &laquo;&nbsp;LES PARTENAIRES PUBLICS&nbsp;&raquo;<\/span><\/a><\/p>\n","protected":false},"author":1,"featured_media":0,"parent":0,"menu_order":0,"comment_status":"open","ping_status":"closed","template":"","meta":{"jetpack_post_was_ever_published":false,"footnotes":""},"jetpack_sharing_enabled":true,"_links":{"self":[{"href":"https:\/\/yanica.fr\/index.php?rest_route=\/wp\/v2\/pages\/190"}],"collection":[{"href":"https:\/\/yanica.fr\/index.php?rest_route=\/wp\/v2\/pages"}],"about":[{"href":"https:\/\/yanica.fr\/index.php?rest_route=\/wp\/v2\/types\/page"}],"author":[{"embeddable":true,"href":"https:\/\/yanica.fr\/index.php?rest_route=\/wp\/v2\/users\/1"}],"replies":[{"embeddable":true,"href":"https:\/\/yanica.fr\/index.php?rest_route=%2Fwp%2Fv2%2Fcomments&post=190"}],"version-history":[{"count":6,"href":"https:\/\/yanica.fr\/index.php?rest_route=\/wp\/v2\/pages\/190\/revisions"}],"predecessor-version":[{"id":727,"href":"https:\/\/yanica.fr\/index.php?rest_route=\/wp\/v2\/pages\/190\/revisions\/727"}],"wp:attachment":[{"href":"https:\/\/yanica.fr\/index.php?rest_route=%2Fwp%2Fv2%2Fmedia&parent=190"}],"curies":[{"name":"wp","href":"https:\/\/api.w.org\/{rel}","templated":true}]}}