{"id":161,"date":"2020-03-01T11:56:03","date_gmt":"2020-03-01T10:56:03","guid":{"rendered":"http:\/\/yanica.fr\/?page_id=161"},"modified":"2023-08-28T21:23:20","modified_gmt":"2023-08-28T19:23:20","slug":"yanica-aujourdhui","status":"publish","type":"page","link":"https:\/\/yanica.fr\/?page_id=161","title":{"rendered":"La r\u00e9novation"},"content":{"rendered":"\n<p>Yanica a \u00e9t\u00e9 acquis dans l\u2019\u00e9tat, le 15 mars 2016 par Philippe Lamotte et William Vogel et transf\u00e9r\u00e9 de B\u00e9nodet \u00e0 Brest par la route en juin 2016 . Il est devenu, le 15 octobre 2016 , la propri\u00e9t\u00e9 d\u2019une association constitu\u00e9e pour en assurer la restauration et sa gestion future. Dans cette association, \u00ab&nbsp; Les Amis de Yanica&nbsp;\u00bb , plusieurs membres seront en mesure d\u2019assurer leur part du financement de la restauration, bien souvent dans le cadre essentiel des dispositions fiscales en faveur de la sauvegarde du patrimoine. Tous ces membres sont attach\u00e9s au patrimoine des bateaux de cette p\u00e9riode d\u2019architecture navale.<\/p>\n\n\n\n<p>En 2018 Yanica a \u00e9t\u00e9 class\u00e9 Monument historique en tenant compte de<\/p>\n\n\n\n<ul>\n<li>L\u2019historique de John Illingworth dans&nbsp; la course croisi\u00e8re et l\u2019architecture navale en France<\/li>\n\n\n\n<li>L\u2019historique de Docteur Rouault dans la course croisi\u00e8re<\/li>\n\n\n\n<li>Le mode de construction de Yanica<\/li>\n<\/ul>\n\n\n\n<p>En septembre 2019, Yanica a \u00e9t\u00e9 transport\u00e9 par la route de Brest \u00e0 Baden, chantier Infinity ,pour y \u00eatre confi\u00e9 aux soins de Monsieur Fran\u00e7ois Blatrix, charpentier naval bien connu pour ses comp\u00e9tences. Le travail de restauration a commenc\u00e9 en octobre 2019.<\/p>\n\n\n\n<p>Quand \u00e0 sa gestion future, l\u2019objectif sera d\u2019assurer une parfaite maintenance de Yanica et de le faire participer tr\u00e8s largement aux rassemblements du patrimoine maritime, aux r\u00e9gates dites \u00ab&nbsp; classiques en France et en Angleterre, ainsi que de former de jeunes marins \u00e0 la man\u0153uvre d\u2019un tel bateau de course-croisi\u00e8re.<\/p>\n\n\n\n<figure class=\"wp-block-image size-large\"><img decoding=\"async\" loading=\"lazy\" width=\"1024\" height=\"682\" src=\"http:\/\/yanica.fr\/wp-content\/uploads\/2020\/02\/chantier2018-1024x682.jpg\" alt=\"\" class=\"wp-image-43\" srcset=\"https:\/\/yanica.fr\/wp-content\/uploads\/2020\/02\/chantier2018-1024x682.jpg 1024w, https:\/\/yanica.fr\/wp-content\/uploads\/2020\/02\/chantier2018-300x200.jpg 300w, https:\/\/yanica.fr\/wp-content\/uploads\/2020\/02\/chantier2018-768x512.jpg 768w, https:\/\/yanica.fr\/wp-content\/uploads\/2020\/02\/chantier2018.jpg 1343w\" sizes=\"(max-width: 767px) 89vw, (max-width: 1000px) 54vw, (max-width: 1071px) 543px, 580px\" \/><\/figure>\n","protected":false},"excerpt":{"rendered":"<p>Yanica a \u00e9t\u00e9 acquis dans l\u2019\u00e9tat, le 15 mars 2016 par Philippe Lamotte et William Vogel et transf\u00e9r\u00e9 de B\u00e9nodet \u00e0 Brest par la route en juin 2016 . Il est devenu, le 15 octobre 2016 , la propri\u00e9t\u00e9 d\u2019une association constitu\u00e9e pour en assurer la restauration et sa gestion future. Dans cette association, \u00ab&nbsp; &hellip; <\/p>\n<p class=\"link-more\"><a href=\"https:\/\/yanica.fr\/?page_id=161\" class=\"more-link\">Continuer la lecture<span class=\"screen-reader-text\"> de &laquo;&nbsp;La r\u00e9novation&nbsp;&raquo;<\/span><\/a><\/p>\n","protected":false},"author":1,"featured_media":0,"parent":0,"menu_order":0,"comment_status":"closed","ping_status":"closed","template":"","meta":{"jetpack_post_was_ever_published":false,"footnotes":""},"jetpack_sharing_enabled":true,"_links":{"self":[{"href":"https:\/\/yanica.fr\/index.php?rest_route=\/wp\/v2\/pages\/161"}],"collection":[{"href":"https:\/\/yanica.fr\/index.php?rest_route=\/wp\/v2\/pages"}],"about":[{"href":"https:\/\/yanica.fr\/index.php?rest_route=\/wp\/v2\/types\/page"}],"author":[{"embeddable":true,"href":"https:\/\/yanica.fr\/index.php?rest_route=\/wp\/v2\/users\/1"}],"replies":[{"embeddable":true,"href":"https:\/\/yanica.fr\/index.php?rest_route=%2Fwp%2Fv2%2Fcomments&post=161"}],"version-history":[{"count":2,"href":"https:\/\/yanica.fr\/index.php?rest_route=\/wp\/v2\/pages\/161\/revisions"}],"predecessor-version":[{"id":943,"href":"https:\/\/yanica.fr\/index.php?rest_route=\/wp\/v2\/pages\/161\/revisions\/943"}],"wp:attachment":[{"href":"https:\/\/yanica.fr\/index.php?rest_route=%2Fwp%2Fv2%2Fmedia&parent=161"}],"curies":[{"name":"wp","href":"https:\/\/api.w.org\/{rel}","templated":true}]}}