{"id":154,"date":"2020-03-01T11:42:58","date_gmt":"2020-03-01T10:42:58","guid":{"rendered":"http:\/\/yanica.fr\/?page_id=154"},"modified":"2020-03-06T19:26:15","modified_gmt":"2020-03-06T18:26:15","slug":"lllingworth-primrose","status":"publish","type":"page","link":"https:\/\/yanica.fr\/?page_id=154","title":{"rendered":"John Illingworth, l\u2019architecte"},"content":{"rendered":"\n<p><em>source :  <a href=\"https:\/\/fr.wikipedia.org\/wiki\/John_Illingworth\">https:\/\/fr.wikipedia.org\/wiki\/John_Illingworth<\/a> <\/em><\/p>\n\n\n\n<p>En 1958 John\nIllingworth ouvre un cabinet d\u2019architecture navale, en association avec le\njeune architecte<a href=\"https:\/\/fr.wikipedia.org\/wiki\/John_Illingworth#cite_note-10\"><sup>Note 4<\/sup><\/a> <a href=\"https:\/\/fr.wikipedia.org\/w\/index.php?title=Angus_Primrose&amp;action=edit&amp;redlink=1\">Angus Primrose<\/a><a href=\"https:\/\/fr.wikipedia.org\/wiki\/John_Illingworth#cite_note-11\"><sup>7<\/sup><\/a>, et les commandes affluent, en\nparticulier de France. Syst\u00e9matisant la d\u00e9marche initi\u00e9e avec Laurent Giles\npour <em>Myth of Malham<\/em>, John Illingworth se sp\u00e9cialise alors dans la\nconception g\u00e9n\u00e9rale et le dessin du gr\u00e9ement des voiliers de course, exploitant\nd\u00e8s les premiers stades de conception tous les avantages que l\u2019on peut retirer\ndes r\u00e8gles de jauge en optimisant les mesures principales du bateau (dimensions\net points de mesure d\u00e9finis par les formules de jauge pour calculer la jauge,\nou \u2018rating\u2019 d\u2019un voilier de course), tandis qu\u2019Angus Primrose dessine les\ncar\u00e8nes. L\u2019exploitation syst\u00e9matique des r\u00e8gles de la <a href=\"https:\/\/fr.wikipedia.org\/wiki\/Jauge_du_RORC\">jauge du RORC<\/a> conduira \u00e0 la conception de\nvoiliers dessin\u00e9s \u00ab&nbsp;pour la jauge&nbsp;\u00bb; cette tendance sera reprise et\namplifi\u00e9e par une nouvelle g\u00e9n\u00e9ration d\u2019architectes pour la <a href=\"https:\/\/fr.wikipedia.org\/wiki\/Jauge_IOR\">jauge IOR<\/a> \u00e0 la fin des ann\u00e9es 1960.<\/p>\n\n\n\n<p>La collaboration entre Illingworth &amp; Primrose durera 8 ans.<\/p>\n\n\n\n<p>En 1966, apr\u00e8s le d\u00e9part de Primrose, il poursuit son activit\u00e9 \u00e0 titre personnel puis se retire en France en 1970 dans l\u2019arri\u00e8re-pays ni\u00e7ois.<\/p>\n\n\n\n<p><strong>Le style Illingworth<\/strong><\/p>\n\n\n\n<p> Il a produit une s\u00e9rie de voiliers renomm\u00e9s, construits le plus souvent \u00e0 l\u2019unit\u00e9, parfois aussi en petite s\u00e9rie, et dont la caract\u00e9ristique commune est d\u2019allier esth\u00e9tique classique<a href=\"https:\/\/fr.wikipedia.org\/wiki\/John_Illingworth#cite_note-13\"><sup>9<\/sup><\/a>, aptitude \u00e0 remonter au vent, plans de pont et emm\u00e9nagements adapt\u00e9s \u00e0 la vie en course au large. <\/p>\n\n\n\n<p><strong>Au pr\u00e8s dans la brise<\/strong><\/p>\n\n\n\n<p>Les cr\u00e9ations d\u2019Illingworth &amp; Primrose se r\u00e9v\u00e8lent g\u00e9n\u00e9ralement bons marcheurs au pr\u00e8s dans la brise, gr\u00e2ce \u00e0 leur d\u00e9placement moyen-lourd, leur raideur \u00e0 la toile (aptitude \u00e0 porter de la surface de voilure) venant d\u2019un tirant d\u2019eau important et d\u2019un rapport de lest \u00e9lev\u00e9, leur forte surface anti-d\u00e9rive et leurs gr\u00e9ements allong\u00e9s.<\/p>\n\n\n\n<p><strong>Quille et safran<\/strong><\/p>\n\n\n\n<p>Alors qu\u2019il avait dessin\u00e9 des voiliers l\u00e9gers \u00e0 safran recul\u00e9 du temps d\u2019Aeromarine, Illingworth a \u00e9volu\u00e9 ensuite en sens inverse du mouvement g\u00e9n\u00e9ral; il est revenu \u00e0 la formule classique du safran attach\u00e9 \u00e0 la quille. Dans les ann\u00e9es 1960 la plupart des architectes ont abandonn\u00e9 cette formule; le c\u00e9l\u00e8bre cabinet Sparkman &amp; Stephens est lui aussi pass\u00e9 au safran recul\u00e9 en 1966<a href=\"https:\/\/fr.wikipedia.org\/wiki\/John_Illingworth#cite_note-19\"><sup>15<\/sup><\/a>. Mais Illingworth persiste \u00e0 garder cette configuration<a href=\"https:\/\/fr.wikipedia.org\/wiki\/John_Illingworth#cite_note-20\"><sup>16<\/sup><\/a>, et d\u00e9crit le choix difficile dans lequel il se trouve&nbsp;:&nbsp;\u00bbSous la pression (de la performance), les architectes ont r\u00e9duit de plus en plus la surface de quille, dans beaucoup de cas de fa\u00e7on excessive\u2026 rendant ces yachts impossibles \u00e0 tenir au portant dans la brise. On a essay\u00e9 de r\u00e9sister \u00e0 cette tentation de trop r\u00e9duire la surface de quille\u2026 on doit accepter de sacrifier de la vitesse par petit temps<a href=\"https:\/\/fr.wikipedia.org\/wiki\/John_Illingworth#cite_note-21\"><sup>Note 5<\/sup><\/a> pour avoir une tenue \u00e0 la mer et une stabilit\u00e9 de route correcte&nbsp;\u00bb<a href=\"https:\/\/fr.wikipedia.org\/wiki\/John_Illingworth#cite_note-22\"><sup>17<\/sup><\/a>. Compar\u00e9 au c\u00e9l\u00e8bre <a href=\"https:\/\/fr.wikipedia.org\/wiki\/One_Ton_Cup\">one tonner<\/a> <em>Tina<\/em><a href=\"https:\/\/fr.wikipedia.org\/wiki\/John_Illingworth#cite_note-23\"><sup>18<\/sup><\/a>\u2013<a href=\"https:\/\/fr.wikipedia.org\/wiki\/John_Illingworth#cite_note-24\"><sup>19<\/sup><\/a> de Dick Carter (1966), son one tonner <em>Maryka<\/em> semble \u00ab&nbsp;d\u2019une conception maintenant d\u00e9pass\u00e9e&nbsp;\u00bb<a href=\"https:\/\/fr.wikipedia.org\/wiki\/John_Illingworth#cite_note-25\"><sup>20<\/sup><\/a>. Il en sera de m\u00eame pour un de ses derniers dessins, le quarter Tonner <em>Merle of Malham<\/em>, \u00e0 quille longue, tr\u00e8s lourd et peu voil\u00e9.<\/p>\n\n\n\n<p><strong>De \u00ab&nbsp;Course-croisi\u00e8re&nbsp;\u00bb (1961) \u00e0 \u00ab&nbsp;Further Offshore&nbsp;\u00bb (1969)<\/strong><\/p>\n\n\n\n<p><strong>Ces deux ouvrages pr\u00e9sentent de nombreux plans de voiliers de course-croisi\u00e8re<\/strong>. On peut noter dans l\u2019\u00e9dition 1969 la suppression de 6 voiliers l\u00e9gers dont 4 \u00e0 safran recul\u00e9 (<em>EA, Gypsela, Fandango, Artica II, Black Soo<\/em><a href=\"https:\/\/fr.wikipedia.org\/wiki\/John_Illingworth#cite_note-26\"><em><sup>21<\/sup><\/em><\/a><em>, Blue Charm<\/em>), et l\u2019ajout de 7 voiliers lourds \u00e0 safran attach\u00e9 \u00e0 la quille (<em>Ma\u00efca, Monk of Malham, Quiver IV, Outlaw, Oryx, Maryca, Merle of Malham<\/em>). Le <em>Tina<\/em>, r\u00e9v\u00e9lation de la one Ton Cup 1966, et marqueur de l\u2019\u00e9volution d\u00e9finitive vers des voiliers plus larges, \u00e0 quille courte et safran recul\u00e9, n\u2019est pas cit\u00e9 dans ce livre. <\/p>\n\n\n\n<p><strong>Plans Illingworth et Primrose<\/strong><\/p>\n\n\n\n<p>Parmi ses\nvoiliers les plus connus on peut citer, dans le type l\u00e9ger \u00e0 safran\ns\u00e9par\u00e9,&nbsp;:<\/p>\n\n\n\n<ul><li>la s\u00e9rie Toby Jug, construit en\n     contreplaqu\u00e9 chez Sibma-Navale, 1964<a href=\"https:\/\/fr.wikipedia.org\/wiki\/John_Illingworth#cite_note-42\"><sup>35<\/sup><\/a><\/li><li>Tiger JOG, 6,93&nbsp;m,\n     construite en stratifi\u00e9 chez Massilia, choisi par Jean Lacombe<a href=\"https:\/\/fr.wikipedia.org\/wiki\/John_Illingworth#cite_note-43\"><sup>36<\/sup><\/a><\/li><\/ul>\n\n\n\n<p>et dans le\ntype lourd \u00e0 quille longue&nbsp;:<\/p>\n\n\n\n<p>Dans cette\nlongue liste, nous pouvons rep\u00e9rer des noms bien connus&nbsp;:<\/p>\n\n\n\n<p><strong>Belmore, Ma\u00efca, Gerfaut, Gl\u00e9nan, Outlaw, Oryx, Maryka, Gipsy Moth, et Monk of Malham.<\/strong><\/p>\n\n\n\n<ul><li><strong><em>Belmore<\/em>, 11,12\u00a0m, construit en      1958 par Aeromarine<a href=\"https:\/\/fr.wikipedia.org\/wiki\/John_Illingworth#cite_note-44\"><sup>37<\/sup><\/a><sup>,<\/sup><a href=\"https:\/\/fr.wikipedia.org\/wiki\/John_Illingworth#cite_note-45\"><sup>38<\/sup><\/a><\/strong><\/li><li><strong><em>Ma\u00efca<\/em>, 10,05\u00a0m, 5,3\u00a0t,      prototype, safran au tableau arri\u00e8re, 1959<a href=\"https:\/\/fr.wikipedia.org\/wiki\/John_Illingworth#cite_note-46\"><sup>39<\/sup><\/a><\/strong><\/li><li><em>M\u00e9lusine II<\/em>, 14,80\u00a0m ketch, construit      en 1959 chez Herv\u00e9 \u00e0 la Rochelle<a href=\"https:\/\/fr.wikipedia.org\/wiki\/John_Illingworth#cite_note-47\"><sup>40<\/sup><\/a> et<a href=\"https:\/\/fr.wikipedia.org\/wiki\/John_Illingworth#cite_note-48\"><sup>41<\/sup><\/a><\/li><li><em>Ma\u00efca<\/em> \u00e0 voute, construit en s\u00e9rie      notamment aux CMN<a href=\"https:\/\/fr.wikipedia.org\/wiki\/John_Illingworth#cite_note-49\"><sup>Note 8<\/sup><\/a>, \u00e0 Cherbourg, 1960<a href=\"https:\/\/fr.wikipedia.org\/wiki\/John_Illingworth#cite_note-50\"><sup>42<\/sup><\/a><\/li><li><em>Blue Charm<\/em>, construit chez Souter en 1960<a href=\"https:\/\/fr.wikipedia.org\/wiki\/John_Illingworth#cite_note-51\"><sup>43<\/sup><\/a><sup>,<\/sup><a href=\"https:\/\/fr.wikipedia.org\/wiki\/John_Illingworth#cite_note-52\"><sup>44<\/sup><\/a> et<a href=\"https:\/\/fr.wikipedia.org\/wiki\/John_Illingworth#cite_note-53\"><sup>45<\/sup><\/a><\/li><li><em>Brigantine<\/em>, 6,5\u00a0t, (Ma\u00efca modifi\u00e9)      classe II du RORC construit chez Craff, 1962<\/li><li><strong><em>Gerfaut<\/em>, classe II du RORC construit      chez Pichavant<a href=\"https:\/\/fr.wikipedia.org\/wiki\/John_Illingworth#cite_note-54\"><sup>46<\/sup><\/a><\/strong><\/li><li><strong><em>Gl\u00e9nan<\/em> (construit par le chantier      St\u00e9phan de Concarneau pour le <a href=\"https:\/\/fr.wikipedia.org\/wiki\/Les_Gl%C3%A9nans\">Centre Nautique du      m\u00eame nom<\/a>), 1961<a href=\"https:\/\/fr.wikipedia.org\/wiki\/John_Illingworth#cite_note-55\"><sup>47<\/sup><\/a><\/strong><\/li><li><em>Esquirol<\/em>, 11,85\u00a0m, 1961<a href=\"https:\/\/fr.wikipedia.org\/wiki\/John_Illingworth#cite_note-56\"><sup>48<\/sup><\/a><\/li><li>la s\u00e9rie Ten-Ten, 10,10\u00a0m,      1963<a href=\"https:\/\/fr.wikipedia.org\/wiki\/John_Illingworth#cite_note-57\"><sup>49<\/sup><\/a><\/li><li>la s\u00e9rie Top-Hat, 7,65\u00a0m      en bois puis en stratifi\u00e9, 1963<a href=\"https:\/\/fr.wikipedia.org\/wiki\/John_Illingworth#cite_note-58\"><sup>50<\/sup><\/a><\/li><li>Alpa 7, construit en s\u00e9rie chez      Alpa Yachts en Italie \u00e0 partir de 1963<\/li><li><strong><em>Outlaw<\/em>, classe I du RORC,      14,78\u00a0m, 1963<a href=\"https:\/\/fr.wikipedia.org\/wiki\/John_Illingworth#cite_note-59\"><sup>51<\/sup><\/a><\/strong><\/li><li><em>Primevere<\/em> (Super Ma\u00efca), 12,19\u00a0m<a href=\"https:\/\/fr.wikipedia.org\/wiki\/John_Illingworth#cite_note-60\"><sup>52<\/sup><\/a><\/li><li><em>Green Highlander<\/em>, 9,66\u00a0m construit en bois      par Souter \u00e0 Cowes en 1965<\/li><li><strong><em>Monk of Malham<\/em>, 12,38\u00a0m, 1965<a href=\"https:\/\/fr.wikipedia.org\/wiki\/John_Illingworth#cite_note-61\"><sup>53<\/sup><\/a><\/strong><\/li><li>Alpa 9 (1965)<a href=\"https:\/\/fr.wikipedia.org\/wiki\/John_Illingworth#cite_note-62\"><sup>54<\/sup><\/a><\/li><li>Adax 13,36\u00a0m, d\u00e9riveur      lest\u00e9<a href=\"https:\/\/fr.wikipedia.org\/wiki\/John_Illingworth#cite_note-63\"><sup>55<\/sup><\/a><\/li><li><em>Sari<\/em>, de la s\u00e9rie Fabius      10,68\u00a0m, construit en aluminium chez ACNAM (France)<a href=\"https:\/\/fr.wikipedia.org\/wiki\/John_Illingworth#cite_note-64\"><sup>56<\/sup><\/a><\/li><li><strong><em>Oryx<\/em>, classe I, 1966<a href=\"https:\/\/fr.wikipedia.org\/wiki\/John_Illingworth#cite_note-65\"><sup>57<\/sup><\/a><sup>,<\/sup><a href=\"https:\/\/fr.wikipedia.org\/wiki\/John_Illingworth#cite_note-66\"><sup>58<\/sup><\/a><\/strong><\/li><li>MORCA, 7,67\u00a0m, bois moul\u00e9,      quille longue + d\u00e9rive, transportable<a href=\"https:\/\/fr.wikipedia.org\/wiki\/John_Illingworth#cite_note-67\"><sup>59<\/sup><\/a><\/li><li><strong><em>Maryka<\/em>, 10,14\u00a0m, one tonner,      1966 (renomm\u00e9 Arabel III)<a href=\"https:\/\/fr.wikipedia.org\/wiki\/John_Illingworth#cite_note-68\"><sup>60<\/sup><\/a><\/strong><\/li><li><strong><em>Gipsy Moth IV<\/em> (construit pour le tour du      monde en solitaire de Sir Francis Chichester), 1966<a href=\"https:\/\/fr.wikipedia.org\/wiki\/John_Illingworth#cite_note-69\"><sup>61<\/sup><\/a><\/strong><\/li><li><em>Toquade<\/em>, 8,73\u00a0m, 1966, construit      en stratifi\u00e9 chez Massilia<\/li><li><em>Merle of Malham<\/em>, 8,07\u00a0m, quarter tonner \u00ab\u00a0lourd\u00a0\u00bb,      1967<a href=\"https:\/\/fr.wikipedia.org\/wiki\/John_Illingworth#cite_note-70\"><sup>62<\/sup><\/a><\/li><li><em>La fille du vent<\/em>, 9,52\u00a0m, 1968, construit      en bois aux CN Malouines<a href=\"https:\/\/fr.wikipedia.org\/wiki\/John_Illingworth#cite_note-71\"><sup>63<\/sup><\/a><\/li><li>Alpa 11 (1968), Alpa 8 (1974),      Alpa 1150 (1975) chez Alpa Yachts en Italie.<\/li><\/ul>\n","protected":false},"excerpt":{"rendered":"<p>source : https:\/\/fr.wikipedia.org\/wiki\/John_Illingworth En 1958 John Illingworth ouvre un cabinet d\u2019architecture navale, en association avec le jeune architecteNote 4 Angus Primrose7, et les commandes affluent, en particulier de France. Syst\u00e9matisant la d\u00e9marche initi\u00e9e avec Laurent Giles pour Myth of Malham, John Illingworth se sp\u00e9cialise alors dans la conception g\u00e9n\u00e9rale et le dessin du gr\u00e9ement des &hellip; <\/p>\n<p class=\"link-more\"><a href=\"https:\/\/yanica.fr\/?page_id=154\" class=\"more-link\">Continuer la lecture<span class=\"screen-reader-text\"> de &laquo;&nbsp;John Illingworth, l\u2019architecte&nbsp;&raquo;<\/span><\/a><\/p>\n","protected":false},"author":1,"featured_media":0,"parent":0,"menu_order":0,"comment_status":"closed","ping_status":"closed","template":"","meta":{"jetpack_post_was_ever_published":false,"footnotes":""},"jetpack_sharing_enabled":true,"_links":{"self":[{"href":"https:\/\/yanica.fr\/index.php?rest_route=\/wp\/v2\/pages\/154"}],"collection":[{"href":"https:\/\/yanica.fr\/index.php?rest_route=\/wp\/v2\/pages"}],"about":[{"href":"https:\/\/yanica.fr\/index.php?rest_route=\/wp\/v2\/types\/page"}],"author":[{"embeddable":true,"href":"https:\/\/yanica.fr\/index.php?rest_route=\/wp\/v2\/users\/1"}],"replies":[{"embeddable":true,"href":"https:\/\/yanica.fr\/index.php?rest_route=%2Fwp%2Fv2%2Fcomments&post=154"}],"version-history":[{"count":3,"href":"https:\/\/yanica.fr\/index.php?rest_route=\/wp\/v2\/pages\/154\/revisions"}],"predecessor-version":[{"id":178,"href":"https:\/\/yanica.fr\/index.php?rest_route=\/wp\/v2\/pages\/154\/revisions\/178"}],"wp:attachment":[{"href":"https:\/\/yanica.fr\/index.php?rest_route=%2Fwp%2Fv2%2Fmedia&parent=154"}],"curies":[{"name":"wp","href":"https:\/\/api.w.org\/{rel}","templated":true}]}}