{"id":147,"date":"2020-03-01T11:24:30","date_gmt":"2020-03-01T10:24:30","guid":{"rendered":"http:\/\/yanica.fr\/?page_id=147"},"modified":"2020-03-01T11:49:17","modified_gmt":"2020-03-01T10:49:17","slug":"yanica-plan-illingworth-1965","status":"publish","type":"page","link":"https:\/\/yanica.fr\/?page_id=147","title":{"rendered":"Yanica, Plan Illingworth 1965"},"content":{"rendered":"\n<p>Yanica,\nconstruit en 1965 \u00e0 Cowes ( ile de Wight) au c\u00e9l\u00e8bre chantier Souter, est l\u2019un\ndes deux sister-ship de Monk of Malham et l\u2019un des tous derniers <strong>bateaux de\ncourses-croisi\u00e8res de l\u2019architecte John Illingworth . <\/strong>Ce Monk of Malham a\nlui-m\u00eame \u00e9t\u00e9 construit en 1965 au chantier Labb\u00e9 de Saint Malo.<\/p>\n\n\n\n<p>Il convient\nde noter tout de suite que le Monk of Malham a disparu dans les ann\u00e9es 80 et\nque Yanica , francis\u00e9 d\u00e8s l\u2019origine, conserve strictement les caract\u00e9ristiques\narchitecturales et \u00e9quipements de Monk of Malham.<\/p>\n\n\n\n<p>Dans la\nlongue liste des bateaux dessin\u00e9s par John Illingworth , nous pouvons rep\u00e9rer\ndes noms bien connus&nbsp;:<\/p>\n\n\n\n<p>Belmore, Ma\u00eeca, Gerfaut, Gl\u00e9nan, Outlaw, Oryx, Maryka, Gipsy Moth, et Monk\nof Malham.<\/p>\n\n\n\n<p><strong>Voil\u00e0 donc\nun architecte qui occupe bien l\u2019architecture navale pendant 20 ans<\/strong>. Au nombre de ceux cit\u00e9s \u00e7i-dessus\n, beaucoup ont \u00e9t\u00e9 construits chez Raymond Labb\u00e9 \u00e0 Saint Malo dans lequel John\nIllingworth avait une grande confiance.<\/p>\n\n\n\n<p>Monk of\nMalham est l\u2019un de ces derniers, les suivants \u00e9tant plus petits ( Merle of Malham,\nla Fille du Vent, Maryka).et un plus grand, Oryx . Yanica est donc l\u2019un des\nderniers bateaux existant qui repr\u00e9sente <strong>l\u2019aboutissement de 20 ans de\nrecherche en architecture navale par John Illingworth<\/strong>.<\/p>\n\n\n\n<p><strong>En outre, la\nmise au point d\u2019un mode de construction en lamell\u00e9-coll\u00e9 pour ce bateau\npuissant et tr\u00e8s voil\u00e9, imposait l\u2019\u00e9tude d\u2019une structure tr\u00e8s r\u00e9sistante et\ncependant relativement l\u00e9g\u00e8re. Cette structure constitue aussi un grand point\nd\u2019int\u00e9r\u00eat pour Yanica dossier . <\/strong><\/p>\n\n\n\n<p>Yanica (\nnomm\u00e9 ensuite Boomerang puis Dune) \u00e9tait en 2005 l\u2019objet d\u2019un projet de\nrestauration des \u0153uvres mortes au chantier Pichavant, projet port\u00e9 par son\nnouveau propri\u00e9taire Beno\u00eet Feracci. Apr\u00e8s les premiers d\u00e9montages pont et roof\n, le propri\u00e9taire a \u00e9t\u00e9 immobilis\u00e9 \u00e0 Paris pour des raisons personnelles.\nYanica s\u2019est donc trouv\u00e9 stock\u00e9 depuis 10 ans dans un hangar de B\u00e9nodet sous\nhangar. Les premi\u00e8res visites d\u2019experts ont <strong>conclu que l\u2019essentiel de la\ncoque et ses structures sont saines ainsi que les<\/strong> <strong>am\u00e9nagements<\/strong>. Le\ngr\u00e9ement dormant existe. Le mat de cinquante ans existe et servira de gabarit\npour un nouveau mat en aluminium anodis\u00e9 \u00ab&nbsp;or&nbsp;\u00bb comme \u00e0 l\u2019origine.\nL\u2019accastillage conforme \u00e0 l\u2019origine sera restitu\u00e9 en grande partie .<\/p>\n","protected":false},"excerpt":{"rendered":"<p>Yanica, construit en 1965 \u00e0 Cowes ( ile de Wight) au c\u00e9l\u00e8bre chantier Souter, est l\u2019un des deux sister-ship de Monk of Malham et l\u2019un des tous derniers bateaux de courses-croisi\u00e8res de l\u2019architecte John Illingworth . Ce Monk of Malham a lui-m\u00eame \u00e9t\u00e9 construit en 1965 au chantier Labb\u00e9 de Saint Malo. Il convient de &hellip; <\/p>\n<p class=\"link-more\"><a href=\"https:\/\/yanica.fr\/?page_id=147\" class=\"more-link\">Continuer la lecture<span class=\"screen-reader-text\"> de &laquo;&nbsp;Yanica, Plan Illingworth 1965&nbsp;&raquo;<\/span><\/a><\/p>\n","protected":false},"author":1,"featured_media":0,"parent":0,"menu_order":0,"comment_status":"closed","ping_status":"closed","template":"","meta":{"jetpack_post_was_ever_published":false,"footnotes":""},"jetpack_sharing_enabled":true,"_links":{"self":[{"href":"https:\/\/yanica.fr\/index.php?rest_route=\/wp\/v2\/pages\/147"}],"collection":[{"href":"https:\/\/yanica.fr\/index.php?rest_route=\/wp\/v2\/pages"}],"about":[{"href":"https:\/\/yanica.fr\/index.php?rest_route=\/wp\/v2\/types\/page"}],"author":[{"embeddable":true,"href":"https:\/\/yanica.fr\/index.php?rest_route=\/wp\/v2\/users\/1"}],"replies":[{"embeddable":true,"href":"https:\/\/yanica.fr\/index.php?rest_route=%2Fwp%2Fv2%2Fcomments&post=147"}],"version-history":[{"count":4,"href":"https:\/\/yanica.fr\/index.php?rest_route=\/wp\/v2\/pages\/147\/revisions"}],"predecessor-version":[{"id":158,"href":"https:\/\/yanica.fr\/index.php?rest_route=\/wp\/v2\/pages\/147\/revisions\/158"}],"wp:attachment":[{"href":"https:\/\/yanica.fr\/index.php?rest_route=%2Fwp%2Fv2%2Fmedia&parent=147"}],"curies":[{"name":"wp","href":"https:\/\/api.w.org\/{rel}","templated":true}]}}